{"id":721,"date":"2025-01-11T11:33:19","date_gmt":"2025-01-11T11:33:19","guid":{"rendered":"https:\/\/hubertia-moosham.de\/?page_id=721"},"modified":"2025-01-11T12:00:19","modified_gmt":"2025-01-11T12:00:19","slug":"willkommen-auf-https-hubertia-moosham-de-2","status":"publish","type":"page","link":"https:\/\/hubertia-moosham.de\/","title":{"rendered":"Home"},"content":{"rendered":"\n<h3 class=\"wp-block-heading has-text-align-left has-black-color has-text-color has-link-color wp-elements-f02ade1c3e9c8c244b3099dde0c0c53c\"><strong>Willkommen auf unserer Homepage des Sch\u00fctzenvereins Hubertia Moosham<\/strong><\/h3>\n\n\n\n<p>mit unserer Homepage m\u00f6chten wir allen Interessenten die M\u00f6glichkeit geben, sich \u00fcber unsere Aktivit\u00e4ten, die Aus\u00fcbung des Schie\u00dfsportes, sowie die Wahrung des Brauchtums eines Sch\u00fctzenvereins informieren. <\/p>\n\n\n\n<p>Nicht nur die sportlichen Leistungen zeichnen einen Verein aus, sondern auch das gesellige Miteinander kommt nat\u00fcrlich nicht zu kurz. <\/p>\n\n\n\n<p>Wir m\u00f6chten Euch einladen, unseren Verein kennen zu lernen. Jeder ist gern gesehen, ob Jung oder Alt. <\/p>\n\n\n\n<p>Ganz neu findet Ihr uns jetzt auch auf unserer Facebookseite <a rel=\"noreferrer noopener\" href=\"https:\/\/www.facebook.com\/Hubertia.Moosham\" target=\"_blank\">&#8218;Hubertia Moosham&#8216;<\/a>, sowie auch auf unserem Instagram Account <a rel=\"noreferrer noopener\" href=\"https:\/\/www.instagram.com\/p\/CmuWmaGuL6D\/?igshid=YmMyMTA2M2Y=\" data-type=\"URL\" data-id=\"https:\/\/www.instagram.com\/p\/CmuWmaGuL6D\/?igshid=YmMyMTA2M2Y=\" target=\"_blank\">&#8218;Hubertia Moosham&#8216;<\/a>.<\/p>\n\n\n\n<p>Schaut einfach mal vorbei und folgt uns. Hier seid ihr immer auf dem neuesten Stand.<\/p>\n\n\n\n<h3 class=\"wp-block-heading has-text-align-left has-black-color has-text-color has-link-color wp-elements-852752e2ac2ef1d525b32d4233109eab\"><\/h3>\n\n\n\n<div class=\"wp-block-columns is-layout-flex wp-container-core-columns-is-layout-9d6595d7 wp-block-columns-is-layout-flex\">\n<div class=\"wp-block-column is-layout-flow wp-block-column-is-layout-flow\">\n<figure class=\"wp-block-image size-full\"><img loading=\"lazy\" decoding=\"async\" width=\"540\" height=\"670\" src=\"https:\/\/hubertia-moosham.de\/wp-content\/uploads\/2023\/01\/IMG-20230106-WA0004.jpg\" alt=\"\" class=\"wp-image-571\" srcset=\"https:\/\/hubertia-moosham.de\/wp-content\/uploads\/2023\/01\/IMG-20230106-WA0004.jpg 540w, https:\/\/hubertia-moosham.de\/wp-content\/uploads\/2023\/01\/IMG-20230106-WA0004-242x300.jpg 242w\" sizes=\"auto, (max-width: 540px) 100vw, 540px\" \/><figcaption class=\"wp-element-caption\">Lichtgewehr<\/figcaption><\/figure>\n<\/div>\n\n\n\n<div class=\"wp-block-column is-layout-flow wp-block-column-is-layout-flow\">\n<figure class=\"wp-block-image size-full\"><img loading=\"lazy\" decoding=\"async\" width=\"540\" height=\"669\" src=\"https:\/\/hubertia-moosham.de\/wp-content\/uploads\/2023\/01\/IMG-20230106-WA0000.jpg\" alt=\"\" class=\"wp-image-569\" srcset=\"https:\/\/hubertia-moosham.de\/wp-content\/uploads\/2023\/01\/IMG-20230106-WA0000.jpg 540w, https:\/\/hubertia-moosham.de\/wp-content\/uploads\/2023\/01\/IMG-20230106-WA0000-242x300.jpg 242w\" sizes=\"auto, (max-width: 540px) 100vw, 540px\" \/><figcaption class=\"wp-element-caption\">Luftgewehr<\/figcaption><\/figure>\n<\/div>\n\n\n\n<div class=\"wp-block-column is-layout-flow wp-block-column-is-layout-flow\">\n<figure class=\"wp-block-image size-full\"><img loading=\"lazy\" decoding=\"async\" width=\"540\" height=\"672\" src=\"https:\/\/hubertia-moosham.de\/wp-content\/uploads\/2023\/01\/IMG-20230106-WA0005.jpg\" alt=\"\" class=\"wp-image-570\" srcset=\"https:\/\/hubertia-moosham.de\/wp-content\/uploads\/2023\/01\/IMG-20230106-WA0005.jpg 540w, https:\/\/hubertia-moosham.de\/wp-content\/uploads\/2023\/01\/IMG-20230106-WA0005-241x300.jpg 241w\" sizes=\"auto, (max-width: 540px) 100vw, 540px\" \/><figcaption class=\"wp-element-caption\">Luftpistole<\/figcaption><\/figure>\n\n\n\n<div class=\"wp-block-columns is-layout-flex wp-container-core-columns-is-layout-9d6595d7 wp-block-columns-is-layout-flex\">\n<div class=\"wp-block-column is-layout-flow wp-block-column-is-layout-flow\"><\/div>\n\n\n\n<div class=\"wp-block-column is-layout-flow wp-block-column-is-layout-flow\"><\/div>\n<\/div>\n<\/div>\n<\/div>\n\n\n\n<figure class=\"wp-block-image size-large\"><img loading=\"lazy\" decoding=\"async\" width=\"1024\" height=\"633\" src=\"https:\/\/hubertia-moosham.de\/wp-content\/uploads\/2024\/08\/IMG-20220319-WA0001-e1724706032851-1024x633.jpg\" alt=\"\" class=\"wp-image-727\" srcset=\"https:\/\/hubertia-moosham.de\/wp-content\/uploads\/2024\/08\/IMG-20220319-WA0001-e1724706032851-1024x633.jpg 1024w, https:\/\/hubertia-moosham.de\/wp-content\/uploads\/2024\/08\/IMG-20220319-WA0001-e1724706032851-300x186.jpg 300w, https:\/\/hubertia-moosham.de\/wp-content\/uploads\/2024\/08\/IMG-20220319-WA0001-e1724706032851-768x475.jpg 768w, https:\/\/hubertia-moosham.de\/wp-content\/uploads\/2024\/08\/IMG-20220319-WA0001-e1724706032851-1536x950.jpg 1536w, https:\/\/hubertia-moosham.de\/wp-content\/uploads\/2024\/08\/IMG-20220319-WA0001-e1724706032851.jpg 1838w\" sizes=\"auto, (max-width: 1024px) 100vw, 1024px\" \/><\/figure>\n","protected":false},"excerpt":{"rendered":"<p>Willkommen auf unserer Homepage des Sch\u00fctzenvereins Hubertia Moosham mit unserer Homepage m\u00f6chten wir allen Interessenten die M\u00f6glichkeit geben, sich \u00fcber unsere Aktivit\u00e4ten, die Aus\u00fcbung des Schie\u00dfsportes, sowie die Wahrung des Brauchtums eines Sch\u00fctzenvereins informieren.&#46;&#46;&#46;<\/p>\n","protected":false},"author":1,"featured_media":0,"parent":0,"menu_order":0,"comment_status":"closed","ping_status":"closed","template":"","meta":{"footnotes":""},"class_list":["post-721","page","type-page","status-publish","hentry"],"_links":{"self":[{"href":"https:\/\/hubertia-moosham.de\/index.php?rest_route=\/wp\/v2\/pages\/721","targetHints":{"allow":["GET"]}}],"collection":[{"href":"https:\/\/hubertia-moosham.de\/index.php?rest_route=\/wp\/v2\/pages"}],"about":[{"href":"https:\/\/hubertia-moosham.de\/index.php?rest_route=\/wp\/v2\/types\/page"}],"author":[{"embeddable":true,"href":"https:\/\/hubertia-moosham.de\/index.php?rest_route=\/wp\/v2\/users\/1"}],"replies":[{"embeddable":true,"href":"https:\/\/hubertia-moosham.de\/index.php?rest_route=%2Fwp%2Fv2%2Fcomments&post=721"}],"version-history":[{"count":5,"href":"https:\/\/hubertia-moosham.de\/index.php?rest_route=\/wp\/v2\/pages\/721\/revisions"}],"predecessor-version":[{"id":938,"href":"https:\/\/hubertia-moosham.de\/index.php?rest_route=\/wp\/v2\/pages\/721\/revisions\/938"}],"wp:attachment":[{"href":"https:\/\/hubertia-moosham.de\/index.php?rest_route=%2Fwp%2Fv2%2Fmedia&parent=721"}],"curies":[{"name":"wp","href":"https:\/\/api.w.org\/{rel}","templated":true}]}}