{"id":521,"date":"2023-01-06T11:13:54","date_gmt":"2023-01-06T11:13:54","guid":{"rendered":"https:\/\/hubertia-moosham.de\/?page_id=521"},"modified":"2023-01-24T16:27:34","modified_gmt":"2023-01-24T16:27:34","slug":"christbaumschiessen","status":"publish","type":"page","link":"https:\/\/hubertia-moosham.de\/?page_id=521","title":{"rendered":"Christbaumschie\u00dfen"},"content":{"rendered":"\n<figure class=\"wp-block-gallery has-nested-images columns-default is-cropped wp-block-gallery-1 is-layout-flex wp-block-gallery-is-layout-flex\">\n<figure class=\"wp-block-image size-large is-style-default\"><img loading=\"lazy\" decoding=\"async\" width=\"768\" height=\"1024\" data-id=\"525\" src=\"https:\/\/hubertia-moosham.de\/wp-content\/uploads\/2023\/01\/IMG-20221225-WA0007-768x1024.jpg\" alt=\"\" class=\"wp-image-525\" srcset=\"https:\/\/hubertia-moosham.de\/wp-content\/uploads\/2023\/01\/IMG-20221225-WA0007-768x1024.jpg 768w, https:\/\/hubertia-moosham.de\/wp-content\/uploads\/2023\/01\/IMG-20221225-WA0007-225x300.jpg 225w, https:\/\/hubertia-moosham.de\/wp-content\/uploads\/2023\/01\/IMG-20221225-WA0007-1152x1536.jpg 1152w, https:\/\/hubertia-moosham.de\/wp-content\/uploads\/2023\/01\/IMG-20221225-WA0007.jpg 1200w\" sizes=\"auto, (max-width: 768px) 100vw, 768px\" \/><figcaption class=\"wp-element-caption\">Preise<\/figcaption><\/figure>\n\n\n\n<figure class=\"wp-block-image size-large is-style-default\"><img loading=\"lazy\" decoding=\"async\" width=\"768\" height=\"1024\" data-id=\"524\" src=\"https:\/\/hubertia-moosham.de\/wp-content\/uploads\/2023\/01\/IMG-20221225-WA0006-768x1024.jpg\" alt=\"\" class=\"wp-image-524\" srcset=\"https:\/\/hubertia-moosham.de\/wp-content\/uploads\/2023\/01\/IMG-20221225-WA0006-768x1024.jpg 768w, https:\/\/hubertia-moosham.de\/wp-content\/uploads\/2023\/01\/IMG-20221225-WA0006-225x300.jpg 225w, https:\/\/hubertia-moosham.de\/wp-content\/uploads\/2023\/01\/IMG-20221225-WA0006-1152x1536.jpg 1152w, https:\/\/hubertia-moosham.de\/wp-content\/uploads\/2023\/01\/IMG-20221225-WA0006.jpg 1200w\" sizes=\"auto, (max-width: 768px) 100vw, 768px\" \/><figcaption class=\"wp-element-caption\">F\u00fcr Manche eine kleine Aufmunterung<\/figcaption><\/figure>\n\n\n\n<figure class=\"wp-block-image size-large is-style-default\"><img loading=\"lazy\" decoding=\"async\" width=\"768\" height=\"1024\" data-id=\"523\" src=\"https:\/\/hubertia-moosham.de\/wp-content\/uploads\/2023\/01\/IMG-20221225-WA0004-768x1024.jpg\" alt=\"\" class=\"wp-image-523\" srcset=\"https:\/\/hubertia-moosham.de\/wp-content\/uploads\/2023\/01\/IMG-20221225-WA0004-768x1024.jpg 768w, https:\/\/hubertia-moosham.de\/wp-content\/uploads\/2023\/01\/IMG-20221225-WA0004-225x300.jpg 225w, https:\/\/hubertia-moosham.de\/wp-content\/uploads\/2023\/01\/IMG-20221225-WA0004-1152x1536.jpg 1152w, https:\/\/hubertia-moosham.de\/wp-content\/uploads\/2023\/01\/IMG-20221225-WA0004.jpg 1200w\" sizes=\"auto, (max-width: 768px) 100vw, 768px\" \/><figcaption class=\"wp-element-caption\">Unsere Sch\u00fctzen waren sehr flei\u00dfig<\/figcaption><\/figure>\n<\/figure>\n\n\n\n<p><\/p>\n\n\n\n<p>Am 22.12.2022 trafen sich die Sch\u00fctzen und Sch\u00fctzinnen zum j\u00e4hrlichen traditionellen Christbaumschie\u00dfen. Die Sch\u00fctzen kaufen 5 Kugeln f\u00fcr einen Preis von 1,50 Euro und versuchen die wei\u00dfen H\u00fclsen am Christbaum abzuschie\u00dfen. Um Gerechtigkeit unter den Sch\u00fctzen zu Gew\u00e4hrleisten, d\u00fcrfen keine Hilfsmittel, wie Schie\u00dfausr\u00fcstung oder Auflagebock verwendet werden. Und was noch alles schwieriger macht, ist das nicht in jeder wei\u00dfen H\u00fclse ein Preis ist. Falls das Gl\u00fcck nicht jedem sofort hold ist und dieser einen der begehrten Preise gewinnt, hat die M\u00f6glichkeit nochmals 5 Kugeln zu einem Preis von 1,00 Euro, sowie einen weiteren Nachkauf von jeweils 0,50 Euro zu erwerben. Wenn der Sch\u00fctze einen Preis gewonnen hat, sind die restlichen Kugeln verloren. Da sehr viele Sch\u00fctzen ihr Gl\u00fcck versuchen m\u00f6chten, haben sie die M\u00f6glichkeit die Pausen mit einem Schnaps zu \u00fcberbr\u00fccken. Am Ende des Abends hat sich der Preistisch sehr gelehrt und man setzt sich gem\u00fctliche Zusammen und versucht die eventuell nicht gefallene Preise untereinander zu tauschen. <\/p>\n\n\n\n<p>Die Jugend hat Ihren extra Baum mit anderen Preisen. <\/p>\n","protected":false},"excerpt":{"rendered":"<p>Am 22.12.2022 trafen sich die Sch\u00fctzen und Sch\u00fctzinnen zum j\u00e4hrlichen traditionellen Christbaumschie\u00dfen. Die Sch\u00fctzen kaufen 5 Kugeln f\u00fcr einen Preis von 1,50 Euro und versuchen die wei\u00dfen H\u00fclsen am Christbaum abzuschie\u00dfen. Um Gerechtigkeit unter&#46;&#46;&#46;<\/p>\n","protected":false},"author":1,"featured_media":0,"parent":0,"menu_order":0,"comment_status":"closed","ping_status":"closed","template":"","meta":{"footnotes":""},"class_list":["post-521","page","type-page","status-publish","hentry"],"_links":{"self":[{"href":"https:\/\/hubertia-moosham.de\/index.php?rest_route=\/wp\/v2\/pages\/521","targetHints":{"allow":["GET"]}}],"collection":[{"href":"https:\/\/hubertia-moosham.de\/index.php?rest_route=\/wp\/v2\/pages"}],"about":[{"href":"https:\/\/hubertia-moosham.de\/index.php?rest_route=\/wp\/v2\/types\/page"}],"author":[{"embeddable":true,"href":"https:\/\/hubertia-moosham.de\/index.php?rest_route=\/wp\/v2\/users\/1"}],"replies":[{"embeddable":true,"href":"https:\/\/hubertia-moosham.de\/index.php?rest_route=%2Fwp%2Fv2%2Fcomments&post=521"}],"version-history":[{"count":3,"href":"https:\/\/hubertia-moosham.de\/index.php?rest_route=\/wp\/v2\/pages\/521\/revisions"}],"predecessor-version":[{"id":558,"href":"https:\/\/hubertia-moosham.de\/index.php?rest_route=\/wp\/v2\/pages\/521\/revisions\/558"}],"wp:attachment":[{"href":"https:\/\/hubertia-moosham.de\/index.php?rest_route=%2Fwp%2Fv2%2Fmedia&parent=521"}],"curies":[{"name":"wp","href":"https:\/\/api.w.org\/{rel}","templated":true}]}}