{"id":41,"date":"2022-01-13T21:00:28","date_gmt":"2022-01-13T21:00:28","guid":{"rendered":"https:\/\/hubertia-moosham.de\/?page_id=41"},"modified":"2022-09-20T18:04:43","modified_gmt":"2022-09-20T18:04:43","slug":"meisterschaften","status":"publish","type":"page","link":"https:\/\/hubertia-moosham.de\/?page_id=41","title":{"rendered":"Jugendk\u00e4mpfe"},"content":{"rendered":"\n<h2 class=\"wp-block-heading\">Preisverteilung der Jugendk\u00e4mpfe im Juni 2022<\/h2>\n\n\n\n<figure class=\"wp-block-image size-full is-style-default\"><img loading=\"lazy\" decoding=\"async\" width=\"504\" height=\"378\" src=\"https:\/\/hubertia-moosham.de\/wp-content\/uploads\/2022\/09\/IMG-20220920-WA00019146.jpg\" alt=\"Preisverteilung Jugend Juni 2022\" class=\"wp-image-385\" srcset=\"https:\/\/hubertia-moosham.de\/wp-content\/uploads\/2022\/09\/IMG-20220920-WA00019146.jpg 504w, https:\/\/hubertia-moosham.de\/wp-content\/uploads\/2022\/09\/IMG-20220920-WA00019146-300x225.jpg 300w\" sizes=\"auto, (max-width: 504px) 100vw, 504px\" \/><\/figure>\n\n\n\n<p>Im Juni diesen Jahres war die Preisverteilung der Jugendk\u00e4mpfe, bei der unsere Jungs und M\u00e4dels richtig abger\u00e4umt haben. <br>Stative, Gutscheine f\u00fcr Schie\u00dfbedarf und Schie\u00dfzubeh\u00f6r, sowie nat\u00fcrlich die obligatorischen Urkunden und Pokale. <\/p>\n","protected":false},"excerpt":{"rendered":"<p>Preisverteilung der Jugendk\u00e4mpfe im Juni 2022 Im Juni diesen Jahres war die Preisverteilung der Jugendk\u00e4mpfe, bei der unsere Jungs und M\u00e4dels richtig abger\u00e4umt haben. Stative, Gutscheine f\u00fcr Schie\u00dfbedarf und Schie\u00dfzubeh\u00f6r, sowie nat\u00fcrlich die obligatorischen&#46;&#46;&#46;<\/p>\n","protected":false},"author":1,"featured_media":0,"parent":0,"menu_order":0,"comment_status":"closed","ping_status":"closed","template":"","meta":{"footnotes":""},"class_list":["post-41","page","type-page","status-publish","hentry"],"_links":{"self":[{"href":"https:\/\/hubertia-moosham.de\/index.php?rest_route=\/wp\/v2\/pages\/41","targetHints":{"allow":["GET"]}}],"collection":[{"href":"https:\/\/hubertia-moosham.de\/index.php?rest_route=\/wp\/v2\/pages"}],"about":[{"href":"https:\/\/hubertia-moosham.de\/index.php?rest_route=\/wp\/v2\/types\/page"}],"author":[{"embeddable":true,"href":"https:\/\/hubertia-moosham.de\/index.php?rest_route=\/wp\/v2\/users\/1"}],"replies":[{"embeddable":true,"href":"https:\/\/hubertia-moosham.de\/index.php?rest_route=%2Fwp%2Fv2%2Fcomments&post=41"}],"version-history":[{"count":5,"href":"https:\/\/hubertia-moosham.de\/index.php?rest_route=\/wp\/v2\/pages\/41\/revisions"}],"predecessor-version":[{"id":388,"href":"https:\/\/hubertia-moosham.de\/index.php?rest_route=\/wp\/v2\/pages\/41\/revisions\/388"}],"wp:attachment":[{"href":"https:\/\/hubertia-moosham.de\/index.php?rest_route=%2Fwp%2Fv2%2Fmedia&parent=41"}],"curies":[{"name":"wp","href":"https:\/\/api.w.org\/{rel}","templated":true}]}}