{"id":40,"date":"2022-01-13T21:00:28","date_gmt":"2022-01-13T21:00:28","guid":{"rendered":"https:\/\/hubertia-moosham.de\/?page_id=40"},"modified":"2024-04-18T19:19:19","modified_gmt":"2024-04-18T19:19:19","slug":"jugendbestenschiessen","status":"publish","type":"page","link":"https:\/\/hubertia-moosham.de\/?page_id=40","title":{"rendered":"Jugendbestenschie\u00dfen"},"content":{"rendered":"\n<p><strong><a href=\"https:\/\/hubertia-moosham.de\/wp-content\/uploads\/2024\/04\/Ergebnisliste-JBS-2023_24-Stand-2023_10_30_3.pdf\">Ergebnisse des Jugendbestenschie\u00dfen 2023<\/a><\/strong><\/p>\n\n\n\n<hr class=\"wp-block-separator has-alpha-channel-opacity\"\/>\n\n\n\n<h4 class=\"wp-block-heading\">Ergebnisse des Jugendbestenschie\u00dfen 2021\/22<\/h4>\n\n\n\n<p><strong>Sch\u00fcler Luftgewehr &#8211; Einzelwertung<\/strong><\/p>\n\n\n\n<div class=\"wp-block-columns is-not-stacked-on-mobile is-layout-flex wp-container-core-columns-is-layout-9d6595d7 wp-block-columns-is-layout-flex\">\n<div class=\"wp-block-column is-layout-flow wp-block-column-is-layout-flow\" style=\"flex-basis:80%\">\n<figure class=\"wp-block-table is-style-stripes\"><table class=\"has-fixed-layout\"><tbody><tr><td class=\"has-text-align-right\" data-align=\"right\">8. Platz<\/td><td class=\"has-text-align-left\" data-align=\"left\">Veronika Sp\u00e4th<\/td><td class=\"has-text-align-left\" data-align=\"left\">150 Ringe<\/td><\/tr><tr><td class=\"has-text-align-right\" data-align=\"right\">15. Platz<\/td><td class=\"has-text-align-left\" data-align=\"left\">Lucia Hierl<\/td><td class=\"has-text-align-left\" data-align=\"left\">139 Ringe<\/td><\/tr><tr><td class=\"has-text-align-right\" data-align=\"right\">34. Platz<\/td><td class=\"has-text-align-left\" data-align=\"left\">Maxi K\u00fcrzeder<\/td><td class=\"has-text-align-left\" data-align=\"left\">60 Ringe<\/td><\/tr><tr><td class=\"has-text-align-right\" data-align=\"right\">36. Platz<\/td><td class=\"has-text-align-left\" data-align=\"left\">Luis Dadic<\/td><td class=\"has-text-align-left\" data-align=\"left\">45 Ringe<\/td><\/tr><\/tbody><\/table><\/figure>\n<\/div>\n<\/div>\n\n\n\n<hr class=\"wp-block-separator has-alpha-channel-opacity\"\/>\n\n\n\n<p><strong>Jugend Luftgewehr &#8211; Einzelwertung<\/strong><\/p>\n\n\n\n<div class=\"wp-block-columns is-not-stacked-on-mobile is-layout-flex wp-container-core-columns-is-layout-9d6595d7 wp-block-columns-is-layout-flex\">\n<div class=\"wp-block-column is-layout-flow wp-block-column-is-layout-flow\" style=\"flex-basis:80%\">\n<figure class=\"wp-block-table is-style-stripes\"><table class=\"has-fixed-layout\"><tbody><tr><td class=\"has-text-align-right\" data-align=\"right\">13. Platz<\/td><td class=\"has-text-align-left\" data-align=\"left\">Antonia Hierl<\/td><td class=\"has-text-align-left\" data-align=\"left\">311 Ringe<\/td><\/tr><tr><td class=\"has-text-align-right\" data-align=\"right\">20. Platz<\/td><td class=\"has-text-align-left\" data-align=\"left\">Benedikt Sp\u00e4th<\/td><td class=\"has-text-align-left\" data-align=\"left\">250 Ringe<\/td><\/tr><\/tbody><\/table><\/figure>\n<\/div>\n<\/div>\n\n\n\n<hr class=\"wp-block-separator has-alpha-channel-opacity\"\/>\n\n\n\n<p><strong>Junioren II Luftgewehr &#8211; Einzelwertung<\/strong><\/p>\n\n\n\n<div class=\"wp-block-columns is-not-stacked-on-mobile is-layout-flex wp-container-core-columns-is-layout-9d6595d7 wp-block-columns-is-layout-flex\">\n<div class=\"wp-block-column is-layout-flow wp-block-column-is-layout-flow\" style=\"flex-basis:80%\">\n<figure class=\"wp-block-table is-style-stripes\"><table class=\"has-fixed-layout\"><tbody><tr><td class=\"has-text-align-right\" data-align=\"right\">8. Platz<\/td><td class=\"has-text-align-left\" data-align=\"left\">Veronika Hofbauer<\/td><td class=\"has-text-align-left\" data-align=\"left\">354 Ringe<\/td><\/tr><\/tbody><\/table><\/figure>\n<\/div>\n<\/div>\n\n\n\n<hr class=\"wp-block-separator has-alpha-channel-opacity\"\/>\n\n\n\n<p><strong>Sch\u00fcler Luftgewehr &#8211; Mannschaftswertung<\/strong><\/p>\n\n\n\n<div class=\"wp-block-columns is-not-stacked-on-mobile is-layout-flex wp-container-core-columns-is-layout-9d6595d7 wp-block-columns-is-layout-flex\">\n<div class=\"wp-block-column is-layout-flow wp-block-column-is-layout-flow\" style=\"flex-basis:80%\">\n<figure class=\"wp-block-table is-style-stripes\"><table class=\"has-fixed-layout\"><tbody><tr><td class=\"has-text-align-right\" data-align=\"right\"><\/td><td class=\"has-text-align-left\" data-align=\"left\">Veronika Sp\u00e4th<\/td><td><\/td><\/tr><tr><td class=\"has-text-align-right\" data-align=\"right\">6. Platz<\/td><td class=\"has-text-align-left\" data-align=\"left\">Lucia Hierl<\/td><td>349 Ringe<\/td><\/tr><tr><td class=\"has-text-align-right\" data-align=\"right\"><\/td><td class=\"has-text-align-left\" data-align=\"left\">Maxi K\u00fcrzeder<\/td><td><\/td><\/tr><\/tbody><\/table><\/figure>\n<\/div>\n<\/div>\n\n\n\n<hr class=\"wp-block-separator has-alpha-channel-opacity\"\/>\n\n\n\n<p><strong>Teilerwertung Luftgewehr<\/strong><\/p>\n\n\n\n<div class=\"wp-block-columns is-not-stacked-on-mobile is-layout-flex wp-container-core-columns-is-layout-9d6595d7 wp-block-columns-is-layout-flex\">\n<div class=\"wp-block-column is-layout-flow wp-block-column-is-layout-flow\" style=\"flex-basis:80%\">\n<figure class=\"wp-block-table is-style-stripes\"><table class=\"has-fixed-layout\"><tbody><tr><td class=\"has-text-align-right\" data-align=\"right\">1. Platz<\/td><td class=\"has-text-align-left\" data-align=\"left\">Antonia Hierl<\/td><td>4,0 Teiler<\/td><\/tr><tr><td class=\"has-text-align-right\" data-align=\"right\">2. Platz<\/td><td class=\"has-text-align-left\" data-align=\"left\">Veronika Sp\u00e4th<\/td><td>5,0 Teiler<\/td><\/tr><tr><td class=\"has-text-align-right\" data-align=\"right\">31. Platz<\/td><td class=\"has-text-align-left\" data-align=\"left\">Veronika Hofbauer<\/td><td>61,4 Teiler<\/td><\/tr><\/tbody><\/table><\/figure>\n<\/div>\n<\/div>\n","protected":false},"excerpt":{"rendered":"<p>Ergebnisse des Jugendbestenschie\u00dfen 2023 Ergebnisse des Jugendbestenschie\u00dfen 2021\/22 Sch\u00fcler Luftgewehr &#8211; Einzelwertung 8. Platz Veronika Sp\u00e4th 150 Ringe 15. Platz Lucia Hierl 139 Ringe 34. Platz Maxi K\u00fcrzeder 60 Ringe 36. Platz Luis Dadic&#46;&#46;&#46;<\/p>\n","protected":false},"author":1,"featured_media":0,"parent":0,"menu_order":0,"comment_status":"closed","ping_status":"closed","template":"","meta":{"footnotes":""},"class_list":["post-40","page","type-page","status-publish","hentry"],"_links":{"self":[{"href":"https:\/\/hubertia-moosham.de\/index.php?rest_route=\/wp\/v2\/pages\/40","targetHints":{"allow":["GET"]}}],"collection":[{"href":"https:\/\/hubertia-moosham.de\/index.php?rest_route=\/wp\/v2\/pages"}],"about":[{"href":"https:\/\/hubertia-moosham.de\/index.php?rest_route=\/wp\/v2\/types\/page"}],"author":[{"embeddable":true,"href":"https:\/\/hubertia-moosham.de\/index.php?rest_route=\/wp\/v2\/users\/1"}],"replies":[{"embeddable":true,"href":"https:\/\/hubertia-moosham.de\/index.php?rest_route=%2Fwp%2Fv2%2Fcomments&post=40"}],"version-history":[{"count":22,"href":"https:\/\/hubertia-moosham.de\/index.php?rest_route=\/wp\/v2\/pages\/40\/revisions"}],"predecessor-version":[{"id":675,"href":"https:\/\/hubertia-moosham.de\/index.php?rest_route=\/wp\/v2\/pages\/40\/revisions\/675"}],"wp:attachment":[{"href":"https:\/\/hubertia-moosham.de\/index.php?rest_route=%2Fwp%2Fv2%2Fmedia&parent=40"}],"curies":[{"name":"wp","href":"https:\/\/api.w.org\/{rel}","templated":true}]}}