{"id":38,"date":"2022-01-13T21:00:28","date_gmt":"2022-01-13T21:00:28","guid":{"rendered":"https:\/\/hubertia-moosham.de\/?page_id=38"},"modified":"2024-04-18T18:48:48","modified_gmt":"2024-04-18T18:48:48","slug":"unsere-jugend","status":"publish","type":"page","link":"https:\/\/hubertia-moosham.de\/?page_id=38","title":{"rendered":"Unsere Jugend"},"content":{"rendered":"\n<p><strong>23.03.2024 &#8211; 10er-Marathon<\/strong><\/p>\n\n\n\n<p>am 23.03.2024 veranstalteten die Jugendleiter einen sogenannten 10er-Marathon. Jeder Sch\u00fctze bekam einen Paten, der f\u00fcr jeden geschossenen Zehner einen bestimmten Betrag spendete. Da strengten sich unsere Jugend besonders an.<\/p>\n\n\n\n<figure class=\"wp-block-gallery has-nested-images columns-default is-cropped wp-block-gallery-1 is-layout-flex wp-block-gallery-is-layout-flex\">\n<figure class=\"wp-block-image size-large is-style-default\"><img loading=\"lazy\" decoding=\"async\" width=\"768\" height=\"1024\" data-id=\"655\" src=\"https:\/\/hubertia-moosham.de\/wp-content\/uploads\/2024\/04\/IMG-20240323-WA0004.jpg\" alt=\"\" class=\"wp-image-655\" srcset=\"https:\/\/hubertia-moosham.de\/wp-content\/uploads\/2024\/04\/IMG-20240323-WA0004.jpg 768w, https:\/\/hubertia-moosham.de\/wp-content\/uploads\/2024\/04\/IMG-20240323-WA0004-225x300.jpg 225w\" sizes=\"auto, (max-width: 768px) 100vw, 768px\" \/><figcaption class=\"wp-element-caption\">10er Marathon in vollem Gange <\/figcaption><\/figure>\n\n\n\n<figure class=\"wp-block-image size-large is-style-default\"><img loading=\"lazy\" decoding=\"async\" width=\"1024\" height=\"768\" data-id=\"652\" src=\"https:\/\/hubertia-moosham.de\/wp-content\/uploads\/2024\/04\/IMG-20240323-WA0001.jpg\" alt=\"Schie\u00dfen 10er Marathon\" class=\"wp-image-652\" srcset=\"https:\/\/hubertia-moosham.de\/wp-content\/uploads\/2024\/04\/IMG-20240323-WA0001.jpg 1024w, https:\/\/hubertia-moosham.de\/wp-content\/uploads\/2024\/04\/IMG-20240323-WA0001-300x225.jpg 300w, https:\/\/hubertia-moosham.de\/wp-content\/uploads\/2024\/04\/IMG-20240323-WA0001-768x576.jpg 768w\" sizes=\"auto, (max-width: 1024px) 100vw, 1024px\" \/><figcaption class=\"wp-element-caption\">Flei\u00dfige Jugend<\/figcaption><\/figure>\n\n\n\n<figure class=\"wp-block-image size-large is-style-default\"><img loading=\"lazy\" decoding=\"async\" width=\"768\" height=\"1024\" data-id=\"653\" src=\"https:\/\/hubertia-moosham.de\/wp-content\/uploads\/2024\/04\/IMG-20240323-WA0002.jpg\" alt=\"\" class=\"wp-image-653\" srcset=\"https:\/\/hubertia-moosham.de\/wp-content\/uploads\/2024\/04\/IMG-20240323-WA0002.jpg 768w, https:\/\/hubertia-moosham.de\/wp-content\/uploads\/2024\/04\/IMG-20240323-WA0002-225x300.jpg 225w\" sizes=\"auto, (max-width: 768px) 100vw, 768px\" \/><figcaption class=\"wp-element-caption\">St\u00e4rkung in der Pause<\/figcaption><\/figure>\n\n\n\n<figure class=\"wp-block-image size-large is-style-default\"><img loading=\"lazy\" decoding=\"async\" width=\"768\" height=\"1024\" data-id=\"654\" src=\"https:\/\/hubertia-moosham.de\/wp-content\/uploads\/2024\/04\/IMG-20240323-WA0003.jpg\" alt=\"\" class=\"wp-image-654\" srcset=\"https:\/\/hubertia-moosham.de\/wp-content\/uploads\/2024\/04\/IMG-20240323-WA0003.jpg 768w, https:\/\/hubertia-moosham.de\/wp-content\/uploads\/2024\/04\/IMG-20240323-WA0003-225x300.jpg 225w\" sizes=\"auto, (max-width: 768px) 100vw, 768px\" \/><figcaption class=\"wp-element-caption\">Zusammensitzen danach<\/figcaption><\/figure>\n<\/figure>\n\n\n\n<hr class=\"wp-block-separator has-alpha-channel-opacity\"\/>\n\n\n\n<div class=\"wp-block-media-text is-stacked-on-mobile\"><figure class=\"wp-block-media-text__media\"><img loading=\"lazy\" decoding=\"async\" width=\"1024\" height=\"768\" src=\"https:\/\/hubertia-moosham.de\/wp-content\/uploads\/2024\/04\/IMG-20230415-WA0001-1024x768.jpg\" alt=\"\" class=\"wp-image-644 size-full\" srcset=\"https:\/\/hubertia-moosham.de\/wp-content\/uploads\/2024\/04\/IMG-20230415-WA0001-1024x768.jpg 1024w, https:\/\/hubertia-moosham.de\/wp-content\/uploads\/2024\/04\/IMG-20230415-WA0001-300x225.jpg 300w, https:\/\/hubertia-moosham.de\/wp-content\/uploads\/2024\/04\/IMG-20230415-WA0001-768x576.jpg 768w, https:\/\/hubertia-moosham.de\/wp-content\/uploads\/2024\/04\/IMG-20230415-WA0001-1536x1152.jpg 1536w, https:\/\/hubertia-moosham.de\/wp-content\/uploads\/2024\/04\/IMG-20230415-WA0001.jpg 2000w\" sizes=\"auto, (max-width: 1024px) 100vw, 1024px\" \/><\/figure><div class=\"wp-block-media-text__content\">\n<p>Sch\u00fclercup 2023<\/p>\n<\/div><\/div>\n\n\n\n<div class=\"wp-block-media-text is-stacked-on-mobile\"><figure class=\"wp-block-media-text__media\"><img loading=\"lazy\" decoding=\"async\" width=\"504\" height=\"378\" src=\"https:\/\/hubertia-moosham.de\/wp-content\/uploads\/2022\/09\/IMG-20220920-WA00019146.jpg\" alt=\"\" class=\"wp-image-385 size-full\" srcset=\"https:\/\/hubertia-moosham.de\/wp-content\/uploads\/2022\/09\/IMG-20220920-WA00019146.jpg 504w, https:\/\/hubertia-moosham.de\/wp-content\/uploads\/2022\/09\/IMG-20220920-WA00019146-300x225.jpg 300w\" sizes=\"auto, (max-width: 504px) 100vw, 504px\" \/><\/figure><div class=\"wp-block-media-text__content\">\n<p>Ferienprogramm 2022<\/p>\n<\/div><\/div>\n","protected":false},"excerpt":{"rendered":"<p>23.03.2024 &#8211; 10er-Marathon am 23.03.2024 veranstalteten die Jugendleiter einen sogenannten 10er-Marathon. Jeder Sch\u00fctze bekam einen Paten, der f\u00fcr jeden geschossenen Zehner einen bestimmten Betrag spendete. Da strengten sich unsere Jugend besonders an. Sch\u00fclercup 2023&#46;&#46;&#46;<\/p>\n","protected":false},"author":1,"featured_media":0,"parent":0,"menu_order":0,"comment_status":"closed","ping_status":"closed","template":"","meta":{"footnotes":""},"class_list":["post-38","page","type-page","status-publish","hentry"],"_links":{"self":[{"href":"https:\/\/hubertia-moosham.de\/index.php?rest_route=\/wp\/v2\/pages\/38","targetHints":{"allow":["GET"]}}],"collection":[{"href":"https:\/\/hubertia-moosham.de\/index.php?rest_route=\/wp\/v2\/pages"}],"about":[{"href":"https:\/\/hubertia-moosham.de\/index.php?rest_route=\/wp\/v2\/types\/page"}],"author":[{"embeddable":true,"href":"https:\/\/hubertia-moosham.de\/index.php?rest_route=\/wp\/v2\/users\/1"}],"replies":[{"embeddable":true,"href":"https:\/\/hubertia-moosham.de\/index.php?rest_route=%2Fwp%2Fv2%2Fcomments&post=38"}],"version-history":[{"count":2,"href":"https:\/\/hubertia-moosham.de\/index.php?rest_route=\/wp\/v2\/pages\/38\/revisions"}],"predecessor-version":[{"id":661,"href":"https:\/\/hubertia-moosham.de\/index.php?rest_route=\/wp\/v2\/pages\/38\/revisions\/661"}],"wp:attachment":[{"href":"https:\/\/hubertia-moosham.de\/index.php?rest_route=%2Fwp%2Fv2%2Fmedia&parent=38"}],"curies":[{"name":"wp","href":"https:\/\/api.w.org\/{rel}","templated":true}]}}