{"id":31,"date":"2022-01-13T21:00:28","date_gmt":"2022-01-13T21:00:28","guid":{"rendered":"https:\/\/hubertia-moosham.de\/?page_id=31"},"modified":"2024-04-18T19:15:34","modified_gmt":"2024-04-18T19:15:34","slug":"veranstaltungen","status":"publish","type":"page","link":"https:\/\/hubertia-moosham.de\/?page_id=31","title":{"rendered":"Veranstaltungen"},"content":{"rendered":"\n<p><a href=\"https:\/\/hubertia-moosham.de\/?page_id=521\" data-type=\"URL\" data-id=\"https:\/\/hubertia-moosham.de\/?page_id=521\">Christbaumschie\u00dfen <\/a><\/p>\n\n\n\n<p><a href=\"https:\/\/hubertia-moosham.de\/wp-content\/uploads\/2023\/02\/Einladung-dorfschiessen-2023_230219.pdf\" data-type=\"URL\" data-id=\"https:\/\/hubertia-moosham.de\/wp-content\/uploads\/2023\/02\/Einladung-dorfschiessen-2023_230219.pdf\" target=\"_blank\" rel=\"noreferrer noopener\">Dorfschie\u00dfen am 02.03.2023 in Kirchdorf<\/a><\/p>\n\n\n\n<p>Gemeindepokalschie\u00dfen vom 14.03.2024 &#8211; 16.03.2023 in Moosham<\/p>\n\n\n\n<figure class=\"wp-block-gallery has-nested-images columns-default is-cropped wp-block-gallery-1 is-layout-flex wp-block-gallery-is-layout-flex\">\n<figure class=\"wp-block-image alignwide size-large is-style-default\"><img loading=\"lazy\" decoding=\"async\" width=\"1024\" height=\"768\" data-id=\"647\" src=\"https:\/\/hubertia-moosham.de\/wp-content\/uploads\/2024\/04\/IMG-20240316-WA0017-1024x768.jpg\" alt=\"\" class=\"wp-image-647\" srcset=\"https:\/\/hubertia-moosham.de\/wp-content\/uploads\/2024\/04\/IMG-20240316-WA0017-1024x768.jpg 1024w, https:\/\/hubertia-moosham.de\/wp-content\/uploads\/2024\/04\/IMG-20240316-WA0017-300x225.jpg 300w, https:\/\/hubertia-moosham.de\/wp-content\/uploads\/2024\/04\/IMG-20240316-WA0017-768x576.jpg 768w, https:\/\/hubertia-moosham.de\/wp-content\/uploads\/2024\/04\/IMG-20240316-WA0017-1536x1152.jpg 1536w, https:\/\/hubertia-moosham.de\/wp-content\/uploads\/2024\/04\/IMG-20240316-WA0017.jpg 1600w\" sizes=\"auto, (max-width: 1024px) 100vw, 1024px\" \/><figcaption class=\"wp-element-caption\">Die Sch\u00fctzenmeister der Vereine, (von links) Kirchdorf, Moosham, Sch\u00f6nbrunn mit dem Pokalstifter Karl Linner<\/figcaption><\/figure>\n\n\n\n<figure class=\"wp-block-image size-large is-style-default\"><img loading=\"lazy\" decoding=\"async\" width=\"470\" height=\"734\" data-id=\"670\" src=\"https:\/\/hubertia-moosham.de\/wp-content\/uploads\/2024\/04\/20240319_194522-e1713467311743.jpg\" alt=\"\" class=\"wp-image-670\" srcset=\"https:\/\/hubertia-moosham.de\/wp-content\/uploads\/2024\/04\/20240319_194522-e1713467311743.jpg 470w, https:\/\/hubertia-moosham.de\/wp-content\/uploads\/2024\/04\/20240319_194522-e1713467311743-192x300.jpg 192w\" sizes=\"auto, (max-width: 470px) 100vw, 470px\" \/><figcaption class=\"wp-element-caption\">Der gewonnene Wanderpokal<\/figcaption><\/figure>\n\n\n\n<figure class=\"wp-block-image size-large is-style-default\"><img loading=\"lazy\" decoding=\"async\" width=\"471\" height=\"1020\" data-id=\"672\" src=\"https:\/\/hubertia-moosham.de\/wp-content\/uploads\/2024\/04\/20240319_194657.jpg\" alt=\"\" class=\"wp-image-672\" srcset=\"https:\/\/hubertia-moosham.de\/wp-content\/uploads\/2024\/04\/20240319_194657.jpg 471w, https:\/\/hubertia-moosham.de\/wp-content\/uploads\/2024\/04\/20240319_194657-139x300.jpg 139w\" sizes=\"auto, (max-width: 471px) 100vw, 471px\" \/><figcaption class=\"wp-element-caption\">bleibt nun in Moosham<\/figcaption><\/figure>\n\n\n\n<figure class=\"wp-block-image size-large is-style-default\"><img loading=\"lazy\" decoding=\"async\" width=\"576\" height=\"1024\" data-id=\"646\" src=\"https:\/\/hubertia-moosham.de\/wp-content\/uploads\/2024\/04\/IMG-20240316-WA0004-576x1024.jpg\" alt=\"\" class=\"wp-image-646\" srcset=\"https:\/\/hubertia-moosham.de\/wp-content\/uploads\/2024\/04\/IMG-20240316-WA0004-576x1024.jpg 576w, https:\/\/hubertia-moosham.de\/wp-content\/uploads\/2024\/04\/IMG-20240316-WA0004-169x300.jpg 169w, https:\/\/hubertia-moosham.de\/wp-content\/uploads\/2024\/04\/IMG-20240316-WA0004-768x1366.jpg 768w, https:\/\/hubertia-moosham.de\/wp-content\/uploads\/2024\/04\/IMG-20240316-WA0004-864x1536.jpg 864w, https:\/\/hubertia-moosham.de\/wp-content\/uploads\/2024\/04\/IMG-20240316-WA0004.jpg 899w\" sizes=\"auto, (max-width: 576px) 100vw, 576px\" \/><figcaption class=\"wp-element-caption\">Vorher muss er nat\u00fcrlich gef\u00fcllt sein&#8230;<\/figcaption><\/figure>\n<\/figure>\n","protected":false},"excerpt":{"rendered":"<p>Christbaumschie\u00dfen Dorfschie\u00dfen am 02.03.2023 in Kirchdorf Gemeindepokalschie\u00dfen vom 14.03.2024 &#8211; 16.03.2023 in Moosham<\/p>\n","protected":false},"author":1,"featured_media":0,"parent":0,"menu_order":0,"comment_status":"closed","ping_status":"closed","template":"","meta":{"footnotes":""},"class_list":["post-31","page","type-page","status-publish","hentry"],"_links":{"self":[{"href":"https:\/\/hubertia-moosham.de\/index.php?rest_route=\/wp\/v2\/pages\/31","targetHints":{"allow":["GET"]}}],"collection":[{"href":"https:\/\/hubertia-moosham.de\/index.php?rest_route=\/wp\/v2\/pages"}],"about":[{"href":"https:\/\/hubertia-moosham.de\/index.php?rest_route=\/wp\/v2\/types\/page"}],"author":[{"embeddable":true,"href":"https:\/\/hubertia-moosham.de\/index.php?rest_route=\/wp\/v2\/users\/1"}],"replies":[{"embeddable":true,"href":"https:\/\/hubertia-moosham.de\/index.php?rest_route=%2Fwp%2Fv2%2Fcomments&post=31"}],"version-history":[{"count":8,"href":"https:\/\/hubertia-moosham.de\/index.php?rest_route=\/wp\/v2\/pages\/31\/revisions"}],"predecessor-version":[{"id":673,"href":"https:\/\/hubertia-moosham.de\/index.php?rest_route=\/wp\/v2\/pages\/31\/revisions\/673"}],"wp:attachment":[{"href":"https:\/\/hubertia-moosham.de\/index.php?rest_route=%2Fwp%2Fv2%2Fmedia&parent=31"}],"curies":[{"name":"wp","href":"https:\/\/api.w.org\/{rel}","templated":true}]}}