{"id":25,"date":"2022-01-13T21:00:27","date_gmt":"2022-01-13T21:00:27","guid":{"rendered":"https:\/\/hubertia-moosham.de\/?page_id=25"},"modified":"2024-12-07T20:23:03","modified_gmt":"2024-12-07T20:23:03","slug":"vorstand","status":"publish","type":"page","link":"https:\/\/hubertia-moosham.de\/?page_id=25","title":{"rendered":"Vorstand"},"content":{"rendered":"\n<h2 class=\"wp-block-heading has-text-align-center\"><strong>Am 05.12.2024 fand erneut ein Wechsel in der Vorstandschaft im Rahmen von Neuwahlen statt:<\/strong><\/h2>\n\n\n<div class=\"wp-block-image\">\n<figure class=\"aligncenter size-full\"><img loading=\"lazy\" decoding=\"async\" width=\"834\" height=\"408\" src=\"https:\/\/hubertia-moosham.de\/wp-content\/uploads\/2024\/12\/Mini-20241205_222134.jpg\" alt=\"\" class=\"wp-image-896\" srcset=\"https:\/\/hubertia-moosham.de\/wp-content\/uploads\/2024\/12\/Mini-20241205_222134.jpg 834w, https:\/\/hubertia-moosham.de\/wp-content\/uploads\/2024\/12\/Mini-20241205_222134-300x147.jpg 300w, https:\/\/hubertia-moosham.de\/wp-content\/uploads\/2024\/12\/Mini-20241205_222134-768x376.jpg 768w\" sizes=\"auto, (max-width: 834px) 100vw, 834px\" \/><\/figure>\n<\/div>\n\n\n<hr class=\"wp-block-separator has-alpha-channel-opacity\"\/>\n\n\n\n<div class=\"wp-block-columns is-layout-flex wp-container-core-columns-is-layout-9d6595d7 wp-block-columns-is-layout-flex\">\n<div class=\"wp-block-column is-layout-flow wp-block-column-is-layout-flow\">\n<p class=\"has-text-align-left\">Der <strong>1. Sch\u00fctzenmeister<\/strong> ist <strong>Christoph Hofbauer<\/strong>. Er ist bereits seit 2022 der 1. Sch\u00fctzenmeister und wurde einstimmig f\u00fcr das Amt wieder gew\u00e4hlt. Christoph schie\u00dft mit der Luftpistole in der 1. LP-Mannschaft.<\/p>\n<\/div>\n\n\n\n<div class=\"wp-block-column is-layout-flow wp-block-column-is-layout-flow\"><div class=\"wp-block-image\">\n<figure class=\"aligncenter size-full is-resized\"><img loading=\"lazy\" decoding=\"async\" width=\"480\" height=\"684\" src=\"https:\/\/hubertia-moosham.de\/wp-content\/uploads\/2024\/12\/Mini-20241205_222238.jpg\" alt=\"\" class=\"wp-image-897\" style=\"width:178px\" srcset=\"https:\/\/hubertia-moosham.de\/wp-content\/uploads\/2024\/12\/Mini-20241205_222238.jpg 480w, https:\/\/hubertia-moosham.de\/wp-content\/uploads\/2024\/12\/Mini-20241205_222238-211x300.jpg 211w\" sizes=\"auto, (max-width: 480px) 100vw, 480px\" \/><\/figure>\n<\/div><\/div>\n<\/div>\n\n\n\n<hr class=\"wp-block-separator has-alpha-channel-opacity\"\/>\n\n\n\n<div class=\"wp-block-columns is-layout-flex wp-container-core-columns-is-layout-9d6595d7 wp-block-columns-is-layout-flex\">\n<div class=\"wp-block-column is-layout-flow wp-block-column-is-layout-flow\"><div class=\"wp-block-image\">\n<figure class=\"aligncenter size-full is-resized\"><img loading=\"lazy\" decoding=\"async\" width=\"480\" height=\"608\" src=\"https:\/\/hubertia-moosham.de\/wp-content\/uploads\/2024\/12\/Mini-20241205_222441.jpg\" alt=\"\" class=\"wp-image-904\" style=\"width:178px;height:auto\" srcset=\"https:\/\/hubertia-moosham.de\/wp-content\/uploads\/2024\/12\/Mini-20241205_222441.jpg 480w, https:\/\/hubertia-moosham.de\/wp-content\/uploads\/2024\/12\/Mini-20241205_222441-237x300.jpg 237w\" sizes=\"auto, (max-width: 480px) 100vw, 480px\" \/><\/figure>\n<\/div><\/div>\n\n\n\n<div class=\"wp-block-column is-layout-flow wp-block-column-is-layout-flow\">\n<p><strong>Stefan Hierl<\/strong> ist auch seit 2022 der <strong>2. Sch\u00fctzenmeister<\/strong>, und hat sich wieder zur Verf\u00fcgung gestellt. Er schie\u00dft erfolgreich seit Jahren mit dem Luftgewehr in der 1. LG-Mannschaft.<\/p>\n<\/div>\n<\/div>\n\n\n\n<hr class=\"wp-block-separator has-alpha-channel-opacity\"\/>\n\n\n\n<div class=\"wp-block-columns is-layout-flex wp-container-core-columns-is-layout-9d6595d7 wp-block-columns-is-layout-flex\">\n<div class=\"wp-block-column is-layout-flow wp-block-column-is-layout-flow\">\n<p>Der <strong>3. Sch\u00fctzenmeister<\/strong>, dieses Periode ganz neu ist <strong>Tobias Randl.<\/strong> Er schie\u00dft Luftpistole und engagiert sich sehr im Verein.<\/p>\n\n\n\n<p><\/p>\n<\/div>\n\n\n\n<div class=\"wp-block-column is-layout-flow wp-block-column-is-layout-flow\"><div class=\"wp-block-image\">\n<figure class=\"aligncenter size-full is-resized\"><img loading=\"lazy\" decoding=\"async\" width=\"480\" height=\"566\" src=\"https:\/\/hubertia-moosham.de\/wp-content\/uploads\/2024\/12\/Mini-20241205_222535.jpg\" alt=\"\" class=\"wp-image-907\" style=\"width:178px;height:auto\" srcset=\"https:\/\/hubertia-moosham.de\/wp-content\/uploads\/2024\/12\/Mini-20241205_222535.jpg 480w, https:\/\/hubertia-moosham.de\/wp-content\/uploads\/2024\/12\/Mini-20241205_222535-254x300.jpg 254w\" sizes=\"auto, (max-width: 480px) 100vw, 480px\" \/><\/figure>\n<\/div><\/div>\n<\/div>\n\n\n\n<hr class=\"wp-block-separator has-alpha-channel-opacity\"\/>\n\n\n\n<div class=\"wp-block-columns is-layout-flex wp-container-core-columns-is-layout-9d6595d7 wp-block-columns-is-layout-flex\">\n<div class=\"wp-block-column is-layout-flow wp-block-column-is-layout-flow\"><div class=\"wp-block-image\">\n<figure class=\"aligncenter size-full is-resized\"><img loading=\"lazy\" decoding=\"async\" width=\"480\" height=\"756\" src=\"https:\/\/hubertia-moosham.de\/wp-content\/uploads\/2024\/12\/Mini-20241205_222416.jpg\" alt=\"\" class=\"wp-image-903\" style=\"width:178px\" srcset=\"https:\/\/hubertia-moosham.de\/wp-content\/uploads\/2024\/12\/Mini-20241205_222416.jpg 480w, https:\/\/hubertia-moosham.de\/wp-content\/uploads\/2024\/12\/Mini-20241205_222416-190x300.jpg 190w\" sizes=\"auto, (max-width: 480px) 100vw, 480px\" \/><\/figure>\n<\/div><\/div>\n\n\n\n<div class=\"wp-block-column is-layout-flow wp-block-column-is-layout-flow\">\n<p><strong>G\u00fcnter M\u00fcller<\/strong> unser <strong>1. Sportleiter <\/strong>hat sich auch wieder &#8222;verpflichtet&#8220;. Er schie\u00dft mit Leidenschaft Luftpistole in der 2. LP-Mannschaft.<\/p>\n<\/div>\n<\/div>\n\n\n\n<hr class=\"wp-block-separator has-alpha-channel-opacity\"\/>\n\n\n\n<div class=\"wp-block-columns is-layout-flex wp-container-core-columns-is-layout-9d6595d7 wp-block-columns-is-layout-flex\">\n<div class=\"wp-block-column is-layout-flow wp-block-column-is-layout-flow\">\n<p>Das Amt des <strong>2. Sportleiter<\/strong> besetzt ab diesem Jahr ein neues junges Gesicht,  <strong>Katharina Herzog.<\/strong> Sie schie\u00dft Luftgewehr und ist auch die Mannschaftsleiterin der neuen 2. LG-Mannschaft.<\/p>\n<\/div>\n\n\n\n<div class=\"wp-block-column is-layout-flow wp-block-column-is-layout-flow\"><div class=\"wp-block-image\">\n<figure class=\"aligncenter size-full is-resized\"><img loading=\"lazy\" decoding=\"async\" width=\"424\" height=\"575\" src=\"https:\/\/hubertia-moosham.de\/wp-content\/uploads\/2024\/12\/Mini-20241205_222456.jpg\" alt=\"\" class=\"wp-image-905\" style=\"width:178px\" srcset=\"https:\/\/hubertia-moosham.de\/wp-content\/uploads\/2024\/12\/Mini-20241205_222456.jpg 424w, https:\/\/hubertia-moosham.de\/wp-content\/uploads\/2024\/12\/Mini-20241205_222456-221x300.jpg 221w\" sizes=\"auto, (max-width: 424px) 100vw, 424px\" \/><\/figure>\n<\/div><\/div>\n<\/div>\n\n\n\n<hr class=\"wp-block-separator has-alpha-channel-opacity\"\/>\n\n\n\n<div class=\"wp-block-columns is-layout-flex wp-container-core-columns-is-layout-9d6595d7 wp-block-columns-is-layout-flex\">\n<div class=\"wp-block-column is-layout-flow wp-block-column-is-layout-flow\">\n<div class=\"wp-block-columns is-layout-flex wp-container-core-columns-is-layout-9d6595d7 wp-block-columns-is-layout-flex\">\n<div class=\"wp-block-column is-layout-flow wp-block-column-is-layout-flow\"><div class=\"wp-block-image\">\n<figure class=\"aligncenter size-full is-resized\"><img loading=\"lazy\" decoding=\"async\" width=\"480\" height=\"578\" src=\"https:\/\/hubertia-moosham.de\/wp-content\/uploads\/2024\/12\/Mini-20241205_222346.jpg\" alt=\"\" class=\"wp-image-901\" style=\"width:178px\" srcset=\"https:\/\/hubertia-moosham.de\/wp-content\/uploads\/2024\/12\/Mini-20241205_222346.jpg 480w, https:\/\/hubertia-moosham.de\/wp-content\/uploads\/2024\/12\/Mini-20241205_222346-249x300.jpg 249w\" sizes=\"auto, (max-width: 480px) 100vw, 480px\" \/><\/figure>\n<\/div><\/div>\n\n\n\n<div class=\"wp-block-column is-layout-flow wp-block-column-is-layout-flow\">\n<p>Die neue <strong>Schriftf\u00fchrerin<\/strong> <strong>Veronika Hofbauer<\/strong> ist f\u00fcr alles Schriftliche zust\u00e4ndig. Veronika schie\u00dft Luftgewehr und schie\u00dft in der 1. LG-Mannschaft sehr erfolgreich.<\/p>\n<\/div>\n<\/div>\n<\/div>\n<\/div>\n\n\n\n<hr class=\"wp-block-separator has-alpha-channel-opacity\"\/>\n\n\n\n<div class=\"wp-block-columns is-layout-flex wp-container-core-columns-is-layout-9d6595d7 wp-block-columns-is-layout-flex\">\n<div class=\"wp-block-column is-layout-flow wp-block-column-is-layout-flow\">\n<p>Unsere neue <strong>Kassiererin<\/strong> <strong>Franziska Hofbauer<\/strong> hat das Amt von Tom Franzler \u00fcbernommen und f\u00fchrt unsere B\u00fccher und die Kassenabrechnung. Sie schie\u00dft ebenfalls in der 1. LG-Mannschaft sehr erfolgreich.<\/p>\n<\/div>\n\n\n\n<div class=\"wp-block-column is-layout-flow wp-block-column-is-layout-flow\"><div class=\"wp-block-image\">\n<figure class=\"aligncenter size-full is-resized\"><img loading=\"lazy\" decoding=\"async\" width=\"480\" height=\"611\" src=\"https:\/\/hubertia-moosham.de\/wp-content\/uploads\/2024\/12\/Mini-20241205_222335.jpg\" alt=\"\" class=\"wp-image-900\" style=\"width:178px\" srcset=\"https:\/\/hubertia-moosham.de\/wp-content\/uploads\/2024\/12\/Mini-20241205_222335.jpg 480w, https:\/\/hubertia-moosham.de\/wp-content\/uploads\/2024\/12\/Mini-20241205_222335-236x300.jpg 236w\" sizes=\"auto, (max-width: 480px) 100vw, 480px\" \/><\/figure>\n<\/div><\/div>\n<\/div>\n\n\n\n<hr class=\"wp-block-separator has-alpha-channel-opacity\"\/>\n\n\n\n<div class=\"wp-block-columns is-layout-flex wp-container-core-columns-is-layout-9d6595d7 wp-block-columns-is-layout-flex\">\n<div class=\"wp-block-column is-layout-flow wp-block-column-is-layout-flow\">\n<p class=\"has-text-align-center\">Die <strong>1. Kassenpr\u00fcfer<\/strong> ist <strong>Michael Hilger<\/strong><\/p>\n<\/div>\n\n\n\n<div class=\"wp-block-column is-layout-flow wp-block-column-is-layout-flow\">\n<p class=\"has-text-align-center\">Die <strong>2. Kassenpr\u00fcferin<\/strong> ist <strong>Margit Heidinger<\/strong><\/p>\n<\/div>\n<\/div>\n\n\n\n<hr class=\"wp-block-separator has-alpha-channel-opacity\"\/>\n\n\n\n<div class=\"wp-block-columns is-layout-flex wp-container-core-columns-is-layout-9d6595d7 wp-block-columns-is-layout-flex\">\n<div class=\"wp-block-column is-layout-flow wp-block-column-is-layout-flow\">\n<p><strong>Martin Hofbauer <\/strong> ist unser <strong>1. Jugendwart<\/strong>. Mit Freude und Leidenschaft bildet er junge Sch\u00fctzen und Sch\u00fctzinnen unter anderem mit unseren neuen Lichtgewehren und Lichtpistolen aus. F\u00e4hrt zu Sch\u00fcler- und Jugendk\u00e4mpfen und engagiert sich auch beim Ferienprogramm. Martin schie\u00dft erfolgreich Luftgewehr in unserer 1. LG-Mannschaft und ist deren Mannschaftsf\u00fchrer. Seine T\u00f6chter haben ihn bereits beim Schie\u00dfen auf die Reservebank verbannt \ud83d\ude42 .<\/p>\n<\/div>\n\n\n\n<div class=\"wp-block-column is-layout-flow wp-block-column-is-layout-flow\"><div class=\"wp-block-image\">\n<figure class=\"aligncenter size-full is-resized\"><img loading=\"lazy\" decoding=\"async\" width=\"480\" height=\"763\" src=\"https:\/\/hubertia-moosham.de\/wp-content\/uploads\/2024\/12\/Mini-20241205_222306.jpg\" alt=\"\" class=\"wp-image-898\" style=\"width:178px\" srcset=\"https:\/\/hubertia-moosham.de\/wp-content\/uploads\/2024\/12\/Mini-20241205_222306.jpg 480w, https:\/\/hubertia-moosham.de\/wp-content\/uploads\/2024\/12\/Mini-20241205_222306-189x300.jpg 189w\" sizes=\"auto, (max-width: 480px) 100vw, 480px\" \/><\/figure>\n<\/div><\/div>\n<\/div>\n\n\n\n<hr class=\"wp-block-separator has-alpha-channel-opacity\"\/>\n\n\n\n<div class=\"wp-block-columns is-layout-flex wp-container-core-columns-is-layout-9d6595d7 wp-block-columns-is-layout-flex\">\n<div class=\"wp-block-column is-layout-flow wp-block-column-is-layout-flow\"><div class=\"wp-block-image\">\n<figure class=\"aligncenter size-full is-resized\"><img loading=\"lazy\" decoding=\"async\" width=\"480\" height=\"705\" src=\"https:\/\/hubertia-moosham.de\/wp-content\/uploads\/2024\/12\/Mini-20241205_222319.jpg\" alt=\"\" class=\"wp-image-899\" style=\"width:178px\" srcset=\"https:\/\/hubertia-moosham.de\/wp-content\/uploads\/2024\/12\/Mini-20241205_222319.jpg 480w, https:\/\/hubertia-moosham.de\/wp-content\/uploads\/2024\/12\/Mini-20241205_222319-204x300.jpg 204w\" sizes=\"auto, (max-width: 480px) 100vw, 480px\" \/><\/figure>\n<\/div><\/div>\n\n\n\n<div class=\"wp-block-column is-layout-flow wp-block-column-is-layout-flow\">\n<p>Seine Tochter <strong>Katharina Daumoser<\/strong> unterst\u00fctzt ihren Vater tatkr\u00e4ftig als <strong>2. Jugendwart<\/strong>. Katharina hat die besten Voraussetzungen, um die Kinder zu hervorragenden Sch\u00fctzen und Sch\u00fctzinnen auszubilden. Selbst Erzieherin und hervorragende Luftgewehrsch\u00fctzin mit mehreren Auszeichnungen und Ausbildung im Gau, schie\u00dft sie auch in der 1. LG-Mannschaft und in der Damenmannschaft.<\/p>\n<\/div>\n<\/div>\n\n\n\n<hr class=\"wp-block-separator has-alpha-channel-opacity\"\/>\n\n\n\n<div class=\"wp-block-columns is-layout-flex wp-container-core-columns-is-layout-9d6595d7 wp-block-columns-is-layout-flex\">\n<div class=\"wp-block-column is-layout-flow wp-block-column-is-layout-flow\">\n<p>Als Verst\u00e4rkung f\u00fcr die Jugend im Bereich Luftpistole hat sich als <strong>3. Jugendleiter Martin K\u00fcrzeder <\/strong>eingereiht. Er schie\u00dft erfolgreich in der 1. LP-Mannschaft<\/p>\n<\/div>\n\n\n\n<div class=\"wp-block-column is-layout-flow wp-block-column-is-layout-flow\"><\/div>\n<\/div>\n\n\n\n<hr class=\"wp-block-separator has-alpha-channel-opacity\"\/>\n\n\n\n<div class=\"wp-block-columns is-layout-flex wp-container-core-columns-is-layout-9d6595d7 wp-block-columns-is-layout-flex\">\n<div class=\"wp-block-column is-layout-flow wp-block-column-is-layout-flow\"><div class=\"wp-block-image\">\n<figure class=\"aligncenter size-full is-resized\"><img loading=\"lazy\" decoding=\"async\" width=\"480\" height=\"638\" src=\"https:\/\/hubertia-moosham.de\/wp-content\/uploads\/2024\/12\/Mini-20241205_222405.jpg\" alt=\"\" class=\"wp-image-902\" style=\"width:178px\" srcset=\"https:\/\/hubertia-moosham.de\/wp-content\/uploads\/2024\/12\/Mini-20241205_222405.jpg 480w, https:\/\/hubertia-moosham.de\/wp-content\/uploads\/2024\/12\/Mini-20241205_222405-226x300.jpg 226w\" sizes=\"auto, (max-width: 480px) 100vw, 480px\" \/><\/figure>\n<\/div><\/div>\n\n\n\n<div class=\"wp-block-column is-layout-flow wp-block-column-is-layout-flow\">\n<p>Das zweite Urgestein ist unsere <strong>1. Damenleiterin<\/strong> <strong>Rosi Lohr<\/strong>. Sie organisiert die Damenmannschaft und ist Ansprechpartner f\u00fcr alle Fragen rund um unser Dorffest. Rosi schie\u00dft ebenfalls beim Damenschie\u00dfen mit dem Luftgewehr.<\/p>\n<\/div>\n<\/div>\n\n\n\n<hr class=\"wp-block-separator has-alpha-channel-opacity\"\/>\n\n\n\n<div class=\"wp-block-columns is-layout-flex wp-container-core-columns-is-layout-9d6595d7 wp-block-columns-is-layout-flex\">\n<div class=\"wp-block-column is-layout-flow wp-block-column-is-layout-flow\">\n<p>Als Verst\u00e4rkung f\u00fcr die Damen kommt <strong>Antonia Hierl<\/strong> als <strong>2. Damenleiterin.<\/strong> Sie schie\u00dft in der neu gegr\u00fcndeten 2. LG-Mannschaft  <\/p>\n<\/div>\n\n\n\n<div class=\"wp-block-column is-layout-flow wp-block-column-is-layout-flow\"><div class=\"wp-block-image\">\n<figure class=\"aligncenter size-full is-resized\"><img loading=\"lazy\" decoding=\"async\" width=\"480\" height=\"560\" src=\"https:\/\/hubertia-moosham.de\/wp-content\/uploads\/2024\/12\/Mini-20241205_222514.jpg\" alt=\"\" class=\"wp-image-906\" style=\"width:192px;height:auto\" srcset=\"https:\/\/hubertia-moosham.de\/wp-content\/uploads\/2024\/12\/Mini-20241205_222514.jpg 480w, https:\/\/hubertia-moosham.de\/wp-content\/uploads\/2024\/12\/Mini-20241205_222514-257x300.jpg 257w\" sizes=\"auto, (max-width: 480px) 100vw, 480px\" \/><\/figure>\n<\/div><\/div>\n<\/div>\n\n\n\n<hr class=\"wp-block-separator has-alpha-channel-opacity\"\/>\n\n\n\n<div class=\"wp-block-columns is-layout-flex wp-container-core-columns-is-layout-9d6595d7 wp-block-columns-is-layout-flex\">\n<div class=\"wp-block-column is-layout-flow wp-block-column-is-layout-flow\"><\/div>\n\n\n\n<div class=\"wp-block-column is-layout-flow wp-block-column-is-layout-flow\">\n<p>Der wichtigste Mann wenn\u00b4s um den Schie\u00dfstand geht ist unser <strong>Zeugwart<\/strong>. <strong>Stefan Brenner<\/strong> pr\u00fcft unerm\u00fcdlich unsere Ausr\u00fcstung, ob alles in Ordnung ist, f\u00fcllt auf und bringt alles in Ordnung. Der stille Mann im Hintergrund. Stefan schie\u00dft Luftgewehr.<\/p>\n<\/div>\n<\/div>\n\n\n\n<hr class=\"wp-block-separator has-alpha-channel-opacity\"\/>\n\n\n\n<div class=\"wp-block-group is-nowrap is-layout-flex wp-container-core-group-is-layout-ad2f72ca wp-block-group-is-layout-flex\">\n<div class=\"wp-block-columns is-layout-flex wp-container-core-columns-is-layout-9d6595d7 wp-block-columns-is-layout-flex\">\n<div class=\"wp-block-column is-layout-flow wp-block-column-is-layout-flow\">\n<p>Die <strong>Chronikf\u00fchrung <\/strong>macht schon sehr lange und sehr gewissenhaft<strong> Finni Ortner<\/strong><\/p>\n\n\n<div class=\"wp-block-image\">\n<figure class=\"aligncenter size-full is-resized\"><img loading=\"lazy\" decoding=\"async\" width=\"480\" height=\"635\" src=\"https:\/\/hubertia-moosham.de\/wp-content\/uploads\/2024\/12\/Mini-20241205_222612.jpg\" alt=\"\" class=\"wp-image-908\" style=\"width:178px\" srcset=\"https:\/\/hubertia-moosham.de\/wp-content\/uploads\/2024\/12\/Mini-20241205_222612.jpg 480w, https:\/\/hubertia-moosham.de\/wp-content\/uploads\/2024\/12\/Mini-20241205_222612-227x300.jpg 227w\" sizes=\"auto, (max-width: 480px) 100vw, 480px\" \/><\/figure>\n<\/div><\/div>\n\n\n\n<div class=\"wp-block-column is-layout-flow wp-block-column-is-layout-flow\">\n<p class=\"has-text-align-right\">Die gute Seele unseres Vereins <strong>Christina Hofbauer<\/strong>, h\u00e4lt sich meistens im Hintergrund, ist aber f\u00fcr alle Besorgungen, Geschenke und Preise zust\u00e4ndig und wacht in Ihrer Freizeit \u00fcber das Sch\u00fctzenheim.<br><strong>Unser Vergn\u00fcgungswart<\/strong><\/p>\n\n\n\n<p class=\"has-text-align-right\"><\/p>\n<\/div>\n<\/div>\n<\/div>\n\n\n\n<hr class=\"wp-block-separator has-alpha-channel-opacity\"\/>\n\n\n\n<div class=\"wp-block-columns is-layout-flex wp-container-core-columns-is-layout-9d6595d7 wp-block-columns-is-layout-flex\">\n<div class=\"wp-block-column is-layout-flow wp-block-column-is-layout-flow\">\n<p>Und zu guter Letzt meine Wenigkeit. <strong>Petra Reimann, Webdesigner.<\/strong> Fehler bitte ich zu verzeihen und  Anregungen gerne per Mail<\/p>\n<\/div>\n\n\n\n<div class=\"wp-block-column is-layout-flow wp-block-column-is-layout-flow\"><div class=\"wp-block-image\">\n<figure class=\"aligncenter size-full is-resized\"><img loading=\"lazy\" decoding=\"async\" width=\"420\" height=\"436\" src=\"https:\/\/hubertia-moosham.de\/wp-content\/uploads\/2024\/12\/Mini-20241205_222625.jpg\" alt=\"\" class=\"wp-image-909\" style=\"width:240px;height:auto\" srcset=\"https:\/\/hubertia-moosham.de\/wp-content\/uploads\/2024\/12\/Mini-20241205_222625.jpg 420w, https:\/\/hubertia-moosham.de\/wp-content\/uploads\/2024\/12\/Mini-20241205_222625-289x300.jpg 289w\" sizes=\"auto, (max-width: 420px) 100vw, 420px\" \/><\/figure>\n<\/div><\/div>\n<\/div>\n\n\n\n<div class=\"wp-block-group\"><div class=\"wp-block-group__inner-container is-layout-flow wp-block-group-is-layout-flow\">\n<div class=\"wp-block-columns is-layout-flex wp-container-core-columns-is-layout-9d6595d7 wp-block-columns-is-layout-flex\"><\/div>\n<\/div><\/div>\n\n\n\n<p><\/p>\n","protected":false},"excerpt":{"rendered":"<p>Am 05.12.2024 fand erneut ein Wechsel in der Vorstandschaft im Rahmen von Neuwahlen statt: Der 1. Sch\u00fctzenmeister ist Christoph Hofbauer. Er ist bereits seit 2022 der 1. Sch\u00fctzenmeister und wurde einstimmig f\u00fcr das Amt&#46;&#46;&#46;<\/p>\n","protected":false},"author":1,"featured_media":0,"parent":0,"menu_order":0,"comment_status":"closed","ping_status":"closed","template":"","meta":{"footnotes":""},"class_list":["post-25","page","type-page","status-publish","hentry"],"_links":{"self":[{"href":"https:\/\/hubertia-moosham.de\/index.php?rest_route=\/wp\/v2\/pages\/25","targetHints":{"allow":["GET"]}}],"collection":[{"href":"https:\/\/hubertia-moosham.de\/index.php?rest_route=\/wp\/v2\/pages"}],"about":[{"href":"https:\/\/hubertia-moosham.de\/index.php?rest_route=\/wp\/v2\/types\/page"}],"author":[{"embeddable":true,"href":"https:\/\/hubertia-moosham.de\/index.php?rest_route=\/wp\/v2\/users\/1"}],"replies":[{"embeddable":true,"href":"https:\/\/hubertia-moosham.de\/index.php?rest_route=%2Fwp%2Fv2%2Fcomments&post=25"}],"version-history":[{"count":35,"href":"https:\/\/hubertia-moosham.de\/index.php?rest_route=\/wp\/v2\/pages\/25\/revisions"}],"predecessor-version":[{"id":925,"href":"https:\/\/hubertia-moosham.de\/index.php?rest_route=\/wp\/v2\/pages\/25\/revisions\/925"}],"wp:attachment":[{"href":"https:\/\/hubertia-moosham.de\/index.php?rest_route=%2Fwp%2Fv2%2Fmedia&parent=25"}],"curies":[{"name":"wp","href":"https:\/\/api.w.org\/{rel}","templated":true}]}}