{"id":23,"date":"2022-01-13T21:00:27","date_gmt":"2022-01-13T21:00:27","guid":{"rendered":"https:\/\/hubertia-moosham.de\/?page_id=23"},"modified":"2022-09-17T15:39:52","modified_gmt":"2022-09-17T15:39:52","slug":"unser-verein","status":"publish","type":"page","link":"https:\/\/hubertia-moosham.de\/?page_id=23","title":{"rendered":"Unser Verein"},"content":{"rendered":"\n<p>Der Sch\u00fctzenverein Hubertia-Moosham wurde 1950 gegr\u00fcndet und die Schie\u00dfst\u00e4tte befindet sich beim Wirth&#8217;z Moosham, im kleinen beschaulichen Ort Moosham, ca 3 km von Haag i.Ob (Ldkrs. M\u00fchldorf) entfernt.<\/p>\n\n\n\n<p><strong>Vereinsschie\u00dfen:<\/strong><\/p>\n\n\n\n<p>Jedes Jahr im September beginnt bei uns die neue Saison.<\/p>\n\n\n\n<p>Vereinsschie\u00dfen findet dann immer jeden Donnerstag, ab 20.00&nbsp;Uhr beim Wirth z&#8216; Moosham in Moosham statt.<br>Sch\u00fcler und Jugendliche treffen sich bereits ab 18.00 Uhr.<\/p>\n\n\n\n<p>Bei uns dreht sich aber nicht nur alles ums Schie\u00dfen, sondern auch das gesellige Zusammensein, wie z.B. das j\u00e4hrliche Dorffest in Moosham oder Schafkopfabende,&nbsp;wird bei uns Gro\u00df geschrieben.<\/p>\n\n\n\n<p>Jeder, der Spa\u00df am Schie\u00dfsport hat, oder auch nur lockere lustige Gespr\u00e4che mit Gleichgesinnten sucht, ist bei uns jederzeit recht herzlich willkommen.<br><br>Bei uns kann sowohl mit dem <strong>Luftgewehr<\/strong> als auch mit <strong>Luftpistole<\/strong> geschossen werden. F\u00fcr die Jugendlichen und Sch\u00fcler unter 10 Jahren steht ein ungef\u00e4hrliches <strong>Lichtgewehr<\/strong> und jetzt auch ganz neu eine <strong>Lichtpistole<\/strong> zur Verf\u00fcgung. <br><br>Im Jahr 2021 erfolgte ein kompletter Umbau unseres Schie\u00dfstandes. Das hei\u00dft, es wurde auf einen elektronischen Schie\u00dfstand umgebaut. So sind wir f\u00fcr die n\u00e4chsten Jahre ger\u00fcstet und damit auf dem aktuellsten, neuesten, technischen Stand.<br><strong><br>Ein unverbindliches Probetraining ist jederzeit m\u00f6glich.<\/strong> F\u00fcr Neueinsteiger haben wir gen\u00fcgend Vereinswaffen zur Verf\u00fcgung, so dass sich Jeder seine Lieblingsdisziplin aussuchen kann.<br><br>Besonderen Wert legen wir auf die Ausbildung unser Jugendlichen, die bei uns bereits ab 10 Jahren das Schie\u00dfen erlernen k\u00f6nnen. Unterst\u00fctzt werden sie dabei von ausgebildeten Jugendleitern.<\/p>\n\n\n\n<p>Neue Mitglieder sind jederzeit herzlich willkommen. Vor allem Sch\u00fcler (bereits ab 10 Jahre) und Jugendliche sind gerne gesehen.<\/p>\n\n\n\n<p><strong>Rundenwettk\u00e4mpfe:<\/strong>&nbsp;&nbsp;<\/p>\n\n\n\n<p>Unser Verein ist aktuell mit drei Mannschaften sehr erfolgreich im Mannschaftsschie\u00dfen unterwegs.<br>Wir haben eine Luftgewehr-, sowie zwei Luftpistolenmannschaften. <br>Auch in einer reinen Damenliga beteiligen sich unsere Sch\u00fctzinnen.<\/p>\n\n\n\n<p>Aufgrund der guten Ausbildung sind unsere Sch\u00fctzen jedes Jahr immer sehr erfolgreich bei den Gaumeisterschaften, sowie von&nbsp;den Bezirks-, bis zu den Deutschen Meisterschaften dabei.<br>Unsere Sch\u00fctzen konnten auch schon mehrfach 1.Pl\u00e4tze bei den Meisterschaften einfahren.<\/p>\n\n\n\n<p>Wenn ihr Interesse habt, kommt einfach vorbei und schaut es Euch in Ruhe an.<\/p>\n","protected":false},"excerpt":{"rendered":"<p>Der Sch\u00fctzenverein Hubertia-Moosham wurde 1950 gegr\u00fcndet und die Schie\u00dfst\u00e4tte befindet sich beim Wirth&#8217;z Moosham, im kleinen beschaulichen Ort Moosham, ca 3 km von Haag i.Ob (Ldkrs. M\u00fchldorf) entfernt. Vereinsschie\u00dfen: Jedes Jahr im September beginnt&#46;&#46;&#46;<\/p>\n","protected":false},"author":1,"featured_media":0,"parent":0,"menu_order":0,"comment_status":"closed","ping_status":"closed","template":"","meta":{"footnotes":""},"class_list":["post-23","page","type-page","status-publish","hentry"],"_links":{"self":[{"href":"https:\/\/hubertia-moosham.de\/index.php?rest_route=\/wp\/v2\/pages\/23","targetHints":{"allow":["GET"]}}],"collection":[{"href":"https:\/\/hubertia-moosham.de\/index.php?rest_route=\/wp\/v2\/pages"}],"about":[{"href":"https:\/\/hubertia-moosham.de\/index.php?rest_route=\/wp\/v2\/types\/page"}],"author":[{"embeddable":true,"href":"https:\/\/hubertia-moosham.de\/index.php?rest_route=\/wp\/v2\/users\/1"}],"replies":[{"embeddable":true,"href":"https:\/\/hubertia-moosham.de\/index.php?rest_route=%2Fwp%2Fv2%2Fcomments&post=23"}],"version-history":[{"count":4,"href":"https:\/\/hubertia-moosham.de\/index.php?rest_route=\/wp\/v2\/pages\/23\/revisions"}],"predecessor-version":[{"id":361,"href":"https:\/\/hubertia-moosham.de\/index.php?rest_route=\/wp\/v2\/pages\/23\/revisions\/361"}],"wp:attachment":[{"href":"https:\/\/hubertia-moosham.de\/index.php?rest_route=%2Fwp%2Fv2%2Fmedia&parent=23"}],"curies":[{"name":"wp","href":"https:\/\/api.w.org\/{rel}","templated":true}]}}