{"id":22,"date":"2022-01-13T21:00:27","date_gmt":"2022-01-13T21:00:27","guid":{"rendered":"https:\/\/hubertia-moosham.de\/?page_id=22"},"modified":"2022-02-22T19:09:27","modified_gmt":"2022-02-22T19:09:27","slug":"impressum-datenschutz","status":"publish","type":"page","link":"https:\/\/hubertia-moosham.de\/?page_id=22","title":{"rendered":"Impressum\/Datenschutz"},"content":{"rendered":"\n<h3 class=\"wp-block-heading\" id=\"impressum-datenschutzerklarung\"><strong><em>Impressum \/ Datenschutzerkl\u00e4rung<\/em><\/strong><\/h3>\n\n\n\n<hr class=\"wp-block-separator\"\/>\n\n\n\n<p><strong>Name des Vereins:<\/strong><br>Sch\u00fctzenverein Hubertia Moosham e.V.<\/p>\n\n\n\n<p><strong>Postanschrift des Sch\u00fctzenhauses:<\/strong><strong><br><\/strong>Wirth z\u00b4 Moosham<br>Isener Str. 4<br>83527&nbsp; Kirchdorf<br>webseite: http:\/\/www.hubertia-moosham.de<\/p>\n\n\n\n<p><strong><u>Vertretungsberechtigter Vereinsvorsitzender:<\/u><\/strong><strong><u><br><\/u><\/strong>1. Sch\u00fctzenmeister: Christoph Hofbauer<\/p>\n\n\n\n<p><strong><u>Inhaltlich Verantwortlicher:<\/u><br><\/strong>Robert Reimann<br>Email: robert.reimann@hubertia-moosham.de<\/p>\n\n\n\n<p><strong>1. Inhalt des Onlineangebotes<\/strong><br>&nbsp;Der Autor \u00fcbernimmt keinerlei Gew\u00e4hr f\u00fcr die Aktualit\u00e4t, Korrektheit,&nbsp;Vollst\u00e4ndigkeit oder Qualit\u00e4t der bereitgestellten Informationen.&nbsp;Haftungsanspr\u00fcche gegen den Autor, welche sich auf Sch\u00e4den materieller oder&nbsp;ideeller Art beziehen, die durch die Nutzung oder Nichtnutzung der&nbsp;dargebotenen Informationen bzw. durch die Nutzung fehlerhafter und&nbsp;unvollst\u00e4ndiger Informationen verursacht wurden, sind grunds\u00e4tzlich&nbsp;ausgeschlossen, sofern seitens des Autors kein nachweislich vors\u00e4tzliches&nbsp;oder grob fahrl\u00e4ssiges Verschulden vorliegt. Der Autor beh\u00e4lt es sich ausdr\u00fccklich vor, Teile der&nbsp;Seiten ohne gesonderte Ank\u00fcndigung zu ver\u00e4ndern, zu&nbsp;erg\u00e4nzen, zu l\u00f6schen oder die Ver\u00f6ffentlichung zeitweise oder endg\u00fcltig&nbsp;einzustellen.<br>&nbsp;<br>&nbsp;<strong>2. Verweise und Links<\/strong><br>&nbsp;Bei direkten oder indirekten Verweisen auf fremde Webseiten (&#8222;Hyperlinks&#8220;),&nbsp;die ausserhalb des Verantwortungsbereiches des Autors &nbsp;liegen, w\u00fcrde eine&nbsp;Haftungsverpflichtung ausschliesslich in dem Fall in Kraft treten, in dem der&nbsp;Autor von den Inhalten Kenntnis hat und es ihm technisch m\u00f6glich und&nbsp;zumutbar w\u00e4re, die Nutzung im Falle rechtswidriger Inhalte zu verhindern.&nbsp;Der Autor erkl\u00e4rt hiermit ausdr\u00fccklich, dass zum Zeitpunkt der Linksetzung&nbsp;keine illegalen Inhalte auf den zu verlinkenden Seiten erkennbar waren. Auf&nbsp;die aktuelle und zuk\u00fcnftige Gestaltung, die Inhalte oder die Urheberschaft&nbsp;der verlinkten\/verkn\u00fcpften Seiten hat der Autor keinerlei Einfluss. Deshalb&nbsp;distanziert er sich hiermit ausdr\u00fccklich von allen Inhalten aller verlinkten&nbsp;\/verkn\u00fcpften Seiten, die nach der Linksetzung ver\u00e4ndert wurden. Diese&nbsp;Feststellung gilt f\u00fcr alle innerhalb des eigenen Internetangebotes gesetzten&nbsp;Links und Verweise sowie f\u00fcr Fremdeintr\u00e4ge in vom Autor eingerichteten&nbsp;G\u00e4steb\u00fcchern, Diskussionsforen, Linkverzeichnissen, Mailinglisten und in&nbsp;allen anderen Formen von Datenbanken, auf deren Inhalt externe&nbsp;Schreibzugriffe m\u00f6glich sind. F\u00fcr illegale, fehlerhafte oder unvollst\u00e4ndige&nbsp;Inhalte und insbesondere f\u00fcr Sch\u00e4den, die aus der Nutzung oder Nichtnutzung&nbsp;solcherart dargebotener Informationen entstehen, haftet allein der Anbieter&nbsp;der Seite, auf welche verwiesen wurde, nicht derjenige, der \u00fcber Links auf&nbsp;die jeweilige Ver\u00f6ffentlichung lediglich verweist.<br>&nbsp;<br>&nbsp;<strong>3. Urheber- und Kennzeichenrecht<\/strong><br>&nbsp;Der Autor ist bestrebt, in allen Publikationen die Urheberrechte der&nbsp;verwendeten Bilder, Grafiken, Tondokumente, Videosequenzen und Texte zu&nbsp;beachten, von ihm selbst erstellte Bilder, Grafiken, Tondokumente,&nbsp;Videosequenzen und Texte zu nutzen oder auf lizenzfreie Grafiken,&nbsp;Tondokumente, Videosequenzen und Texte zur\u00fcckzugreifen. Alle innerhalb des&nbsp;Internetangebotes genannten und ggf. durch Dritte gesch\u00e4tzten Marken- und&nbsp;Warenzeichen unterliegen uneingeschr\u00e4nkt den Bestimmungen des jeweils&nbsp;g\u00fcltigen Kennzeichenrechts und den Besitzrechten der jeweiligen&nbsp;eingetragenen Eigent\u00fcmer. Allein aufgrund der blo\u00dfen Nennung ist nicht der&nbsp;Schluss zu ziehen, dass Markenzeichen nicht durch Rechte Dritter gesch\u00e4tzt&nbsp;sind! Das Copyright f\u00fcr ver\u00f6ffentlichte, vom Autor selbst erstellte Objekte&nbsp;bleibt allein beim Autor der Seiten. Eine Vervielf\u00e4ltigung oder Verwendung&nbsp;solcher Grafiken, Tondokumente, Videosequenzen und Texte in anderen&nbsp;elektronischen oder gedruckten Publikationen ist ohne ausdr\u00fcckliche&nbsp;Zustimmung des Autors nicht gestattet.<br>&nbsp;<br>&nbsp;<strong>4. Rechtswirksamkeit dieses&nbsp;Haftungsausschlusses<\/strong><br>&nbsp;Dieser Haftungsausschluss ist als Teil des Internetangebotes zu betrachten,&nbsp;von dem aus auf diese Seite verwiesen wurde. Sofern Teile oder einzelne&nbsp;Formulierungen dieses Textes der geltenden Rechtslage nicht, nicht mehr oder&nbsp;nicht vollst\u00e4ndig entsprechen sollten, bleiben die \u00fcbrigen Teile des&nbsp;Dokumentes in ihrem Inhalt und ihrer G\u00fcltigkeit davon unber\u00fchrt.<\/p>\n\n\n\n<p><strong>Datenschutzerkl\u00e4rung:<\/strong><br><strong>Datenschutz<\/strong><br>Die Betreiber dieser Seiten nehmen den Schutz Ihrer pers\u00f6nlichen Daten sehr ernst. Wir behandeln Ihre personenbezogenen Daten vertraulich und entsprechend der gesetzlichen Datenschutzvorschriften sowie dieser Datenschutzerkl\u00e4rung.<br>Die Nutzung unserer Website ist in der Regel ohne Angabe personenbezogener Daten m\u00f6glich. Soweit auf unseren Seiten personenbezogene Daten (beispielsweise Name, Anschrift oder E-Mail-Adressen) erhoben werden, erfolgt dies, soweit m\u00f6glich, stets auf freiwilliger Basis. Diese Daten werden ohne Ihre ausdr\u00fcckliche Zustimmung nicht an Dritte weitergegeben.<br>Wir weisen darauf hin, dass die Daten\u00fcbertragung im Internet (z.B. bei der Kommunikation per E-Mail) Sicherheitsl\u00fccken aufweisen kann. Ein l\u00fcckenloser Schutz der Daten vor dem Zugriff durch Dritte ist nicht m\u00f6glich.<\/p>\n\n\n\n<p><strong>Server-Log-Files<\/strong><br>Der Provider der Seiten erhebt und speichert automatisch Informationen in so genannten Server-Log Files, die Ihr Browser automatisch an uns \u00fcbermittelt. Dies sind:<\/p>\n\n\n\n<ul class=\"wp-block-list\"><li>Browsertyp und Browserversion<\/li><li>verwendetes Betriebssystem<\/li><li>Referrer URL<\/li><li>Hostname des zugreifenden Rechners<\/li><li>Uhrzeit der Serveranfrage<\/li><\/ul>\n\n\n\n<p>Diese Daten sind nicht bestimmten Personen zuordenbar. Eine Zusammenf\u00fchrung dieser Daten mit anderen Datenquellen wird nicht vorgenommen. Wir behalten uns vor, diese Daten nachtr\u00e4glich zu pr\u00fcfen, wenn uns konkrete Anhaltspunkte f\u00fcr eine rechtswidrige Nutzung bekannt werden.<\/p>\n\n\n\n<p><strong>Recht auf Auskunft, L\u00f6schung, Sperrung<\/strong><br>Sie haben jederzeit das Recht auf unentgeltliche Auskunft \u00fcber Ihre gespeicherten personenbezogenen Daten, deren Herkunft und Empf\u00e4nger und den Zweck der Datenverarbeitung sowie ein Recht auf Berichtigung, Sperrung oder L\u00f6schung dieser Daten. Hierzu sowie zu weiteren Fragen zum Thema personenbezogene Daten k\u00f6nnen Sie sich jederzeit unter der im Impressum angegebenen Adresse an uns wenden.<\/p>\n","protected":false},"excerpt":{"rendered":"<p>Impressum \/ Datenschutzerkl\u00e4rung Name des Vereins:Sch\u00fctzenverein Hubertia Moosham e.V. Postanschrift des Sch\u00fctzenhauses:Wirth z\u00b4 MooshamIsener Str. 483527&nbsp; Kirchdorfwebseite: http:\/\/www.hubertia-moosham.de Vertretungsberechtigter Vereinsvorsitzender:1. Sch\u00fctzenmeister: Christoph Hofbauer Inhaltlich Verantwortlicher:Robert ReimannEmail: robert.reimann@hubertia-moosham.de 1. Inhalt des Onlineangebotes&nbsp;Der Autor \u00fcbernimmt keinerlei&#46;&#46;&#46;<\/p>\n","protected":false},"author":1,"featured_media":0,"parent":0,"menu_order":0,"comment_status":"closed","ping_status":"closed","template":"","meta":{"footnotes":""},"class_list":["post-22","page","type-page","status-publish","hentry"],"_links":{"self":[{"href":"https:\/\/hubertia-moosham.de\/index.php?rest_route=\/wp\/v2\/pages\/22","targetHints":{"allow":["GET"]}}],"collection":[{"href":"https:\/\/hubertia-moosham.de\/index.php?rest_route=\/wp\/v2\/pages"}],"about":[{"href":"https:\/\/hubertia-moosham.de\/index.php?rest_route=\/wp\/v2\/types\/page"}],"author":[{"embeddable":true,"href":"https:\/\/hubertia-moosham.de\/index.php?rest_route=\/wp\/v2\/users\/1"}],"replies":[{"embeddable":true,"href":"https:\/\/hubertia-moosham.de\/index.php?rest_route=%2Fwp%2Fv2%2Fcomments&post=22"}],"version-history":[{"count":2,"href":"https:\/\/hubertia-moosham.de\/index.php?rest_route=\/wp\/v2\/pages\/22\/revisions"}],"predecessor-version":[{"id":171,"href":"https:\/\/hubertia-moosham.de\/index.php?rest_route=\/wp\/v2\/pages\/22\/revisions\/171"}],"wp:attachment":[{"href":"https:\/\/hubertia-moosham.de\/index.php?rest_route=%2Fwp%2Fv2%2Fmedia&parent=22"}],"curies":[{"name":"wp","href":"https:\/\/api.w.org\/{rel}","templated":true}]}}