{"id":20,"date":"2022-01-13T21:00:27","date_gmt":"2022-01-13T21:00:27","guid":{"rendered":"https:\/\/hubertia-moosham.de\/?page_id=20"},"modified":"2022-09-17T13:02:43","modified_gmt":"2022-09-17T13:02:43","slug":"links","status":"publish","type":"page","link":"https:\/\/hubertia-moosham.de\/?page_id=20","title":{"rendered":"Links"},"content":{"rendered":"\n<p>Der Betreiber und Eigent\u00fcmer dieser Internetseite \u00fcbernimmt f\u00fcr den Inhalt der verlinkten Seiten keine Gew\u00e4hr.<\/p>\n\n\n\n<figure class=\"wp-block-table\"><table><tbody><tr><td><a href=\"http:\/\/bgv.bssb.de\/gau-wasserburg-haag\/\" data-type=\"URL\" data-id=\"http:\/\/bgv.bssb.de\/gau-wasserburg-haag\/\" target=\"_blank\" rel=\"noreferrer noopener\">Gau Wasserburg-Haag<\/a><\/td><td><a href=\"http:\/\/www.holme.de\" data-type=\"URL\" data-id=\"www.holme.de\" target=\"_blank\" rel=\"noreferrer noopener\">Sch\u00fctzen und Vereinsbedarf<\/a><\/td><\/tr><tr><td><a href=\"http:\/\/www.bssj.de\/\" target=\"_blank\" rel=\"noreferrer noopener\">Bayerische Sch\u00fctzenjugend<\/a><\/td><td><a href=\"https:\/\/www.anschuetz-sport.com\/\" data-type=\"URL\" data-id=\"https:\/\/www.anschuetz-sport.com\/\" target=\"_blank\" rel=\"noreferrer noopener\">Jagd und Sportwaffenbedarf<\/a><\/td><\/tr><tr><td><a href=\"https:\/\/www.dsb.de\/\" data-type=\"URL\" data-id=\"https:\/\/www.dsb.de\/\" target=\"_blank\" rel=\"noreferrer noopener\">Deutscher Sportsch\u00fctzenbund<\/a><\/td><td><a href=\"https:\/\/www.xn--krzeder-n2a.com\/\" target=\"_blank\" rel=\"noreferrer noopener\">Wirth&#8217;z Moosham<\/a><\/td><\/tr><tr><td><a href=\"http:\/\/www.bssb.de\" data-type=\"URL\" data-id=\"http:\/\/www.bssb.de\" target=\"_blank\" rel=\"noreferrer noopener\">Bayerischer Sportsch\u00fctzenbund<\/a><\/td><td><a href=\"https:\/\/www.disag.de\/\" data-type=\"URL\" data-id=\"https:\/\/www.disag.de\/\" target=\"_blank\" rel=\"noreferrer noopener\">DISAG<\/a><\/td><\/tr><tr><td><a href=\"https:\/\/www.ffwinden.de\/\" data-type=\"URL\" data-id=\"https:\/\/www.ffwinden.de\/\" target=\"_blank\" rel=\"noreferrer noopener\">Freiwillige Feuerwehr Winden<\/a><\/td><td><\/td><\/tr><\/tbody><\/table><\/figure>\n\n\n","protected":false},"excerpt":{"rendered":"<p>Der Betreiber und Eigent\u00fcmer dieser Internetseite \u00fcbernimmt f\u00fcr den Inhalt der verlinkten Seiten keine Gew\u00e4hr. Gau Wasserburg-Haag Sch\u00fctzen und Vereinsbedarf Bayerische Sch\u00fctzenjugend Jagd und Sportwaffenbedarf Deutscher Sportsch\u00fctzenbund Wirth&#8217;z Moosham Bayerischer Sportsch\u00fctzenbund DISAG Freiwillige Feuerwehr&#46;&#46;&#46;<\/p>\n","protected":false},"author":1,"featured_media":0,"parent":0,"menu_order":0,"comment_status":"closed","ping_status":"closed","template":"","meta":{"footnotes":""},"class_list":["post-20","page","type-page","status-publish","hentry"],"_links":{"self":[{"href":"https:\/\/hubertia-moosham.de\/index.php?rest_route=\/wp\/v2\/pages\/20","targetHints":{"allow":["GET"]}}],"collection":[{"href":"https:\/\/hubertia-moosham.de\/index.php?rest_route=\/wp\/v2\/pages"}],"about":[{"href":"https:\/\/hubertia-moosham.de\/index.php?rest_route=\/wp\/v2\/types\/page"}],"author":[{"embeddable":true,"href":"https:\/\/hubertia-moosham.de\/index.php?rest_route=\/wp\/v2\/users\/1"}],"replies":[{"embeddable":true,"href":"https:\/\/hubertia-moosham.de\/index.php?rest_route=%2Fwp%2Fv2%2Fcomments&post=20"}],"version-history":[{"count":6,"href":"https:\/\/hubertia-moosham.de\/index.php?rest_route=\/wp\/v2\/pages\/20\/revisions"}],"predecessor-version":[{"id":330,"href":"https:\/\/hubertia-moosham.de\/index.php?rest_route=\/wp\/v2\/pages\/20\/revisions\/330"}],"wp:attachment":[{"href":"https:\/\/hubertia-moosham.de\/index.php?rest_route=%2Fwp%2Fv2%2Fmedia&parent=20"}],"curies":[{"name":"wp","href":"https:\/\/api.w.org\/{rel}","templated":true}]}}